{"id":3259,"date":"2023-11-27T10:19:42","date_gmt":"2023-11-27T10:19:42","guid":{"rendered":"https:\/\/keepuptalent.com\/?page_id=3259"},"modified":"2024-01-11T12:30:18","modified_gmt":"2024-01-11T12:30:18","slug":"managing-your-employees","status":"publish","type":"page","link":"https:\/\/keepuptalent.com\/en\/managing-your-employees\/","title":{"rendered":"Managing your employees"},"content":{"rendered":"\t\t<div data-elementor-type=\"wp-page\" data-elementor-id=\"3259\" class=\"elementor elementor-3259 elementor-3171\">\n\t\t\t\t\t\t\t\t\t<section class=\"elementor-section elementor-top-section elementor-element elementor-element-3680dda elementor-section-boxed elementor-section-height-default elementor-section-height-default\" data-id=\"3680dda\" data-element_type=\"section\" data-settings=\"{&quot;background_background&quot;:&quot;classic&quot;}\">\n\t\t\t\t\t\t<div class=\"elementor-container elementor-column-gap-default\">\n\t\t\t\t\t<div class=\"elementor-column elementor-col-100 elementor-top-column elementor-element elementor-element-e4304bb\" data-id=\"e4304bb\" data-element_type=\"column\">\n\t\t\t<div class=\"elementor-widget-wrap elementor-element-populated\">\n\t\t\t\t\t\t\t\t<div class=\"elementor-element elementor-element-fbb1e45 elementor-widget elementor-widget-heading\" data-id=\"fbb1e45\" data-element_type=\"widget\" data-widget_type=\"heading.default\">\n\t\t\t\t<div class=\"elementor-widget-container\">\n\t\t\t<style>\/*! elementor - v3.12.1 - 02-04-2023 *\/\n.elementor-heading-title{padding:0;margin:0;line-height:1}.elementor-widget-heading .elementor-heading-title[class*=elementor-size-]>a{color:inherit;font-size:inherit;line-height:inherit}.elementor-widget-heading .elementor-heading-title.elementor-size-small{font-size:15px}.elementor-widget-heading .elementor-heading-title.elementor-size-medium{font-size:19px}.elementor-widget-heading .elementor-heading-title.elementor-size-large{font-size:29px}.elementor-widget-heading .elementor-heading-title.elementor-size-xl{font-size:39px}.elementor-widget-heading .elementor-heading-title.elementor-size-xxl{font-size:59px}<\/style><h2 class=\"elementor-heading-title elementor-size-default\">HR management maturity level 2024<\/h2>\t\t<\/div>\n\t\t\t\t<\/div>\n\t\t\t\t<div class=\"elementor-element elementor-element-0fada06 elementor-widget elementor-widget-text-editor\" data-id=\"0fada06\" data-element_type=\"widget\" data-widget_type=\"text-editor.default\">\n\t\t\t\t<div class=\"elementor-widget-container\">\n\t\t\t<style>\/*! elementor - v3.12.1 - 02-04-2023 *\/\n.elementor-widget-text-editor.elementor-drop-cap-view-stacked .elementor-drop-cap{background-color:#69727d;color:#fff}.elementor-widget-text-editor.elementor-drop-cap-view-framed .elementor-drop-cap{color:#69727d;border:3px solid;background-color:transparent}.elementor-widget-text-editor:not(.elementor-drop-cap-view-default) .elementor-drop-cap{margin-top:8px}.elementor-widget-text-editor:not(.elementor-drop-cap-view-default) .elementor-drop-cap-letter{width:1em;height:1em}.elementor-widget-text-editor .elementor-drop-cap{float:left;text-align:center;line-height:1;font-size:50px}.elementor-widget-text-editor .elementor-drop-cap-letter{display:inline-block}<\/style>\t\t\t\t<p>Promoting skills development, engagement, and talent acquisition<\/p>\t\t\t\t\t\t<\/div>\n\t\t\t\t<\/div>\n\t\t\t\t\t<\/div>\n\t\t<\/div>\n\t\t\t\t\t\t\t<\/div>\n\t\t<\/section>\n\t\t\t\t<section class=\"elementor-section elementor-top-section elementor-element elementor-element-cb53a1f elementor-section-height-min-height elementor-hidden-tablet elementor-hidden-mobile elementor-section-boxed elementor-section-height-default elementor-section-items-middle\" data-id=\"cb53a1f\" data-element_type=\"section\">\n\t\t\t\t\t\t<div class=\"elementor-container elementor-column-gap-default\">\n\t\t\t\t\t<div class=\"elementor-column elementor-col-50 elementor-top-column elementor-element elementor-element-fd648d3 elementor-invisible\" data-id=\"fd648d3\" data-element_type=\"column\" data-settings=\"{&quot;animation&quot;:&quot;fadeInLeft&quot;}\">\n\t\t\t<div class=\"elementor-widget-wrap elementor-element-populated\">\n\t\t\t\t\t\t\t\t<div class=\"elementor-element elementor-element-dcf3e5d elementor-widget elementor-widget-heading\" data-id=\"dcf3e5d\" data-element_type=\"widget\" data-widget_type=\"heading.default\">\n\t\t\t\t<div class=\"elementor-widget-container\">\n\t\t\t<h2 class=\"elementor-heading-title elementor-size-default\">Know the maturity level of your employees' management\n<\/h2>\t\t<\/div>\n\t\t\t\t<\/div>\n\t\t\t\t<div class=\"elementor-element elementor-element-5046d0e elementor-widget elementor-widget-text-editor\" data-id=\"5046d0e\" data-element_type=\"widget\" data-widget_type=\"text-editor.default\">\n\t\t\t\t<div class=\"elementor-widget-container\">\n\t\t\t\t\t\t\t<p><strong>An executive report<\/strong> allows you to see your <strong>development and how you compare to the market<\/strong> and make suggestions on how to improve the areas where you need improvement.<br \/>\u00a0<br \/>In addition to our <strong>management experience<\/strong>, we add the knowledge of experts in <strong>Data Science and AI<\/strong> and <strong>pimec<\/strong> for the sponsorship and monitoring of the project.<br \/>\u00a0<br \/>We are proud to have developed this tool, which did not exist on the market, and of the reliability achieved, which is recognized by all those who have already used it.<br \/>\u00a0<br \/>All this while respecting the <strong>confidentiality<\/strong> required by the regulations in force for your data, to which only you have access.<\/p>\t\t\t\t\t\t<\/div>\n\t\t\t\t<\/div>\n\t\t\t\t<section class=\"elementor-section elementor-inner-section elementor-element elementor-element-c6f03a7 elementor-section-boxed elementor-section-height-default elementor-section-height-default\" data-id=\"c6f03a7\" data-element_type=\"section\">\n\t\t\t\t\t\t<div class=\"elementor-container elementor-column-gap-default\">\n\t\t\t\t\t<div class=\"elementor-column elementor-col-50 elementor-inner-column elementor-element elementor-element-0c212bd\" data-id=\"0c212bd\" data-element_type=\"column\">\n\t\t\t<div class=\"elementor-widget-wrap elementor-element-populated\">\n\t\t\t\t\t\t\t\t<div class=\"elementor-element elementor-element-48100d8 elementor-invisible elementor-widget elementor-widget-button\" data-id=\"48100d8\" data-element_type=\"widget\" data-settings=\"{&quot;_animation&quot;:&quot;fadeInDown&quot;}\" data-widget_type=\"button.default\">\n\t\t\t\t<div class=\"elementor-widget-container\">\n\t\t\t\t\t<div class=\"elementor-button-wrapper\">\n\t\t\t<a href=\"https:\/\/forms.office.com\/Pages\/ResponsePage.aspx?id=KPhJO6KHokWwKLpNMQpkr70uzns88flMlzCD2oqMj4tUMkpVWk1SOEFLU0FKUUdPSDdWTjBUS1czMS4u\" target=\"_blank\" class=\"elementor-button-link elementor-button elementor-size-sm\" role=\"button\">\n\t\t\t\t\t\t<span class=\"elementor-button-content-wrapper\">\n\t\t\t\t\t\t<span class=\"elementor-button-text\">Access the self-assessment<\/span>\n\t\t<\/span>\n\t\t\t\t\t<\/a>\n\t\t<\/div>\n\t\t\t\t<\/div>\n\t\t\t\t<\/div>\n\t\t\t\t\t<\/div>\n\t\t<\/div>\n\t\t\t\t<div class=\"elementor-column elementor-col-50 elementor-inner-column elementor-element elementor-element-ba4f110\" data-id=\"ba4f110\" data-element_type=\"column\">\n\t\t\t<div class=\"elementor-widget-wrap elementor-element-populated\">\n\t\t\t\t\t\t\t\t<div class=\"elementor-element elementor-element-48da8fd elementor-widget elementor-widget-image\" data-id=\"48da8fd\" data-element_type=\"widget\" data-widget_type=\"image.default\">\n\t\t\t\t<div class=\"elementor-widget-container\">\n\t\t\t<style>\/*! elementor - v3.12.1 - 02-04-2023 *\/\n.elementor-widget-image{text-align:center}.elementor-widget-image a{display:inline-block}.elementor-widget-image a img[src$=\".svg\"]{width:48px}.elementor-widget-image img{vertical-align:middle;display:inline-block}<\/style>\t\t\t\t\t\t\t\t\t\t\t\t<img decoding=\"async\" width=\"386\" height=\"96\" src=\"https:\/\/keepuptalent.com\/wp-content\/uploads\/2024\/01\/free-of-charge-1.png\" class=\"attachment-large size-large wp-image-3276\" alt=\"\" loading=\"lazy\" srcset=\"https:\/\/keepuptalent.com\/wp-content\/uploads\/2024\/01\/free-of-charge-1.png 386w, https:\/\/keepuptalent.com\/wp-content\/uploads\/2024\/01\/free-of-charge-1-300x75.png 300w\" sizes=\"(max-width: 386px) 100vw, 386px\" \/>\t\t\t\t\t\t\t\t\t\t\t\t\t\t\t<\/div>\n\t\t\t\t<\/div>\n\t\t\t\t\t<\/div>\n\t\t<\/div>\n\t\t\t\t\t\t\t<\/div>\n\t\t<\/section>\n\t\t\t\t\t<\/div>\n\t\t<\/div>\n\t\t\t\t<div class=\"elementor-column elementor-col-50 elementor-top-column elementor-element elementor-element-1de6120\" data-id=\"1de6120\" data-element_type=\"column\">\n\t\t\t<div class=\"elementor-widget-wrap elementor-element-populated\">\n\t\t\t\t\t\t\t\t<div class=\"elementor-element elementor-element-d7fa550 elementor-invisible elementor-widget elementor-widget-image\" data-id=\"d7fa550\" data-element_type=\"widget\" data-settings=\"{&quot;_animation&quot;:&quot;fadeInRight&quot;}\" data-widget_type=\"image.default\">\n\t\t\t\t<div class=\"elementor-widget-container\">\n\t\t\t\t\t\t\t\t\t\t\t\t\t\t\t<img decoding=\"async\" width=\"736\" height=\"592\" src=\"https:\/\/keepuptalent.com\/wp-content\/uploads\/2023\/11\/persona-que-trabaja-pantallas-flotantes.jpg\" class=\"attachment-large size-large wp-image-3226\" alt=\"\" loading=\"lazy\" srcset=\"https:\/\/keepuptalent.com\/wp-content\/uploads\/2023\/11\/persona-que-trabaja-pantallas-flotantes.jpg 736w, https:\/\/keepuptalent.com\/wp-content\/uploads\/2023\/11\/persona-que-trabaja-pantallas-flotantes-300x241.jpg 300w\" sizes=\"(max-width: 736px) 100vw, 736px\" \/>\t\t\t\t\t\t\t\t\t\t\t\t\t\t\t<\/div>\n\t\t\t\t<\/div>\n\t\t\t\t<section class=\"elementor-section elementor-inner-section elementor-element elementor-element-1f59dab elementor-section-boxed elementor-section-height-default elementor-section-height-default\" data-id=\"1f59dab\" data-element_type=\"section\">\n\t\t\t\t\t\t<div class=\"elementor-container elementor-column-gap-default\">\n\t\t\t\t\t<div class=\"elementor-column elementor-col-50 elementor-inner-column elementor-element elementor-element-11f176e\" data-id=\"11f176e\" data-element_type=\"column\">\n\t\t\t<div class=\"elementor-widget-wrap elementor-element-populated\">\n\t\t\t\t\t\t\t\t<div class=\"elementor-element elementor-element-2aef0cf elementor-widget elementor-widget-heading\" data-id=\"2aef0cf\" data-element_type=\"widget\" data-widget_type=\"heading.default\">\n\t\t\t\t<div class=\"elementor-widget-container\">\n\t\t\t<h2 class=\"elementor-heading-title elementor-size-default\">Supported by:<\/h2>\t\t<\/div>\n\t\t\t\t<\/div>\n\t\t\t\t\t<\/div>\n\t\t<\/div>\n\t\t\t\t<div class=\"elementor-column elementor-col-50 elementor-inner-column elementor-element elementor-element-f774f7e\" data-id=\"f774f7e\" data-element_type=\"column\">\n\t\t\t<div class=\"elementor-widget-wrap elementor-element-populated\">\n\t\t\t\t\t\t\t\t<div class=\"elementor-element elementor-element-4c13ead elementor-widget elementor-widget-image\" data-id=\"4c13ead\" data-element_type=\"widget\" data-widget_type=\"image.default\">\n\t\t\t\t<div class=\"elementor-widget-container\">\n\t\t\t\t\t\t\t\t\t\t\t\t\t\t\t<img decoding=\"async\" width=\"800\" height=\"605\" src=\"https:\/\/keepuptalent.com\/wp-content\/uploads\/2023\/11\/PIMEC-1024x775.png\" class=\"attachment-large size-large wp-image-3180\" alt=\"\" loading=\"lazy\" srcset=\"https:\/\/keepuptalent.com\/wp-content\/uploads\/2023\/11\/PIMEC-1024x775.png 1024w, https:\/\/keepuptalent.com\/wp-content\/uploads\/2023\/11\/PIMEC-300x227.png 300w, https:\/\/keepuptalent.com\/wp-content\/uploads\/2023\/11\/PIMEC-768x582.png 768w, https:\/\/keepuptalent.com\/wp-content\/uploads\/2023\/11\/PIMEC-1536x1163.png 1536w, https:\/\/keepuptalent.com\/wp-content\/uploads\/2023\/11\/PIMEC-2048x1551.png 2048w\" sizes=\"(max-width: 800px) 100vw, 800px\" \/>\t\t\t\t\t\t\t\t\t\t\t\t\t\t\t<\/div>\n\t\t\t\t<\/div>\n\t\t\t\t\t<\/div>\n\t\t<\/div>\n\t\t\t\t\t\t\t<\/div>\n\t\t<\/section>\n\t\t\t\t\t<\/div>\n\t\t<\/div>\n\t\t\t\t\t\t\t<\/div>\n\t\t<\/section>\n\t\t\t\t<section class=\"elementor-section elementor-top-section elementor-element elementor-element-594121f elementor-section-height-min-height elementor-hidden-desktop elementor-section-boxed elementor-section-height-default elementor-section-items-middle\" data-id=\"594121f\" data-element_type=\"section\">\n\t\t\t\t\t\t<div class=\"elementor-container elementor-column-gap-default\">\n\t\t\t\t\t<div class=\"elementor-column elementor-col-100 elementor-top-column elementor-element elementor-element-a29a54e elementor-invisible\" data-id=\"a29a54e\" data-element_type=\"column\" data-settings=\"{&quot;animation&quot;:&quot;fadeInLeft&quot;}\">\n\t\t\t<div class=\"elementor-widget-wrap elementor-element-populated\">\n\t\t\t\t\t\t\t\t<div class=\"elementor-element elementor-element-d3bb11d elementor-widget elementor-widget-heading\" data-id=\"d3bb11d\" data-element_type=\"widget\" data-widget_type=\"heading.default\">\n\t\t\t\t<div class=\"elementor-widget-container\">\n\t\t\t<h2 class=\"elementor-heading-title elementor-size-default\">Conoce el nivel de madurez en la Gesti\u00f3n de tus empleados\n<\/h2>\t\t<\/div>\n\t\t\t\t<\/div>\n\t\t\t\t<div class=\"elementor-element elementor-element-cd1c319 elementor-widget elementor-widget-text-editor\" data-id=\"cd1c319\" data-element_type=\"widget\" data-widget_type=\"text-editor.default\">\n\t\t\t\t<div class=\"elementor-widget-container\">\n\t\t\t\t\t\t\t<p><b>Un informe ejecutivo <\/b>te permitir\u00e1 ver tu <b>tendencia y comparativa con tu mercado<\/b>, as\u00ed como propuestas de c\u00f3mo mejorar aquellas \u00e1reas en las que tienes un espacio de mejora.<\/p><p>\u00a0<\/p><p>Adem\u00e1s de nuestra <b>experiencia directiva<\/b>, a\u00f1adimos el conocimiento de expertos en <b>Data Science e IA <\/b>y a <b>pimec<\/b> por la esponsorizaci\u00f3n y supervisi\u00f3n del proyecto.<\/p><p>\u00a0<\/p><p>Nos sentimos orgullosos de haber construido esta herramienta que no exist\u00eda en el mercado y de la fiabilidad alcanzada, reconocida por todos aquellos que ya la han utilizado.<\/p><p>\u00a0<\/p><p>Todo ello, bajo la <b>confidencialidad <\/b>que exige la normativa vigente sobre tus datos, a los que solo tu tendr\u00e1s acceso.<\/p>\t\t\t\t\t\t<\/div>\n\t\t\t\t<\/div>\n\t\t\t\t<section class=\"elementor-section elementor-inner-section elementor-element elementor-element-474583b elementor-section-boxed elementor-section-height-default elementor-section-height-default\" data-id=\"474583b\" data-element_type=\"section\">\n\t\t\t\t\t\t<div class=\"elementor-container elementor-column-gap-default\">\n\t\t\t\t\t<div class=\"elementor-column elementor-col-50 elementor-inner-column elementor-element elementor-element-d7213d9\" data-id=\"d7213d9\" data-element_type=\"column\">\n\t\t\t<div class=\"elementor-widget-wrap elementor-element-populated\">\n\t\t\t\t\t\t\t\t<div class=\"elementor-element elementor-element-60d58f7 elementor-tablet-align-center elementor-invisible elementor-widget elementor-widget-button\" data-id=\"60d58f7\" data-element_type=\"widget\" data-settings=\"{&quot;_animation&quot;:&quot;fadeInDown&quot;}\" data-widget_type=\"button.default\">\n\t\t\t\t<div class=\"elementor-widget-container\">\n\t\t\t\t\t<div class=\"elementor-button-wrapper\">\n\t\t\t<a href=\"https:\/\/keepuptalent.com\/?page_id=15\" target=\"_blank\" class=\"elementor-button-link elementor-button elementor-size-sm\" role=\"button\">\n\t\t\t\t\t\t<span class=\"elementor-button-content-wrapper\">\n\t\t\t\t\t\t<span class=\"elementor-button-text\">Acceder a la encuesta<\/span>\n\t\t<\/span>\n\t\t\t\t\t<\/a>\n\t\t<\/div>\n\t\t\t\t<\/div>\n\t\t\t\t<\/div>\n\t\t\t\t\t<\/div>\n\t\t<\/div>\n\t\t\t\t<div class=\"elementor-column elementor-col-50 elementor-inner-column elementor-element elementor-element-b2dc286\" data-id=\"b2dc286\" data-element_type=\"column\">\n\t\t\t<div class=\"elementor-widget-wrap elementor-element-populated\">\n\t\t\t\t\t\t\t\t<div class=\"elementor-element elementor-element-f7d1f9d elementor-widget elementor-widget-image\" data-id=\"f7d1f9d\" data-element_type=\"widget\" data-widget_type=\"image.default\">\n\t\t\t\t<div class=\"elementor-widget-container\">\n\t\t\t\t\t\t\t\t\t\t\t\t\t\t\t<img decoding=\"async\" width=\"386\" height=\"96\" src=\"https:\/\/keepuptalent.com\/wp-content\/uploads\/2023\/11\/KEEP-UP_OFERTA-1.png\" class=\"attachment-large size-large wp-image-3245\" alt=\"\" loading=\"lazy\" srcset=\"https:\/\/keepuptalent.com\/wp-content\/uploads\/2023\/11\/KEEP-UP_OFERTA-1.png 386w, https:\/\/keepuptalent.com\/wp-content\/uploads\/2023\/11\/KEEP-UP_OFERTA-1-300x75.png 300w\" sizes=\"(max-width: 386px) 100vw, 386px\" \/>\t\t\t\t\t\t\t\t\t\t\t\t\t\t\t<\/div>\n\t\t\t\t<\/div>\n\t\t\t\t\t<\/div>\n\t\t<\/div>\n\t\t\t\t\t\t\t<\/div>\n\t\t<\/section>\n\t\t\t\t<div class=\"elementor-element elementor-element-fd4f4eb elementor-widget elementor-widget-image\" data-id=\"fd4f4eb\" data-element_type=\"widget\" data-widget_type=\"image.default\">\n\t\t\t\t<div class=\"elementor-widget-container\">\n\t\t\t\t\t\t\t\t\t\t\t\t\t\t\t<img decoding=\"async\" width=\"736\" height=\"592\" src=\"https:\/\/keepuptalent.com\/wp-content\/uploads\/2023\/11\/persona-que-trabaja-pantallas-flotantes.jpg\" class=\"attachment-large size-large wp-image-3226\" alt=\"\" loading=\"lazy\" srcset=\"https:\/\/keepuptalent.com\/wp-content\/uploads\/2023\/11\/persona-que-trabaja-pantallas-flotantes.jpg 736w, https:\/\/keepuptalent.com\/wp-content\/uploads\/2023\/11\/persona-que-trabaja-pantallas-flotantes-300x241.jpg 300w\" sizes=\"(max-width: 736px) 100vw, 736px\" \/>\t\t\t\t\t\t\t\t\t\t\t\t\t\t\t<\/div>\n\t\t\t\t<\/div>\n\t\t\t\t\t<\/div>\n\t\t<\/div>\n\t\t\t\t\t\t\t<\/div>\n\t\t<\/section>\n\t\t\t\t<section class=\"elementor-section elementor-top-section elementor-element elementor-element-e0e29b7 elementor-hidden-desktop elementor-section-boxed elementor-section-height-default elementor-section-height-default\" data-id=\"e0e29b7\" data-element_type=\"section\">\n\t\t\t\t\t\t<div class=\"elementor-container elementor-column-gap-default\">\n\t\t\t\t\t<div class=\"elementor-column elementor-col-50 elementor-top-column elementor-element elementor-element-b7a9ea7\" data-id=\"b7a9ea7\" data-element_type=\"column\">\n\t\t\t<div class=\"elementor-widget-wrap elementor-element-populated\">\n\t\t\t\t\t\t\t\t<div class=\"elementor-element elementor-element-72d7b29 elementor-widget elementor-widget-heading\" data-id=\"72d7b29\" data-element_type=\"widget\" data-widget_type=\"heading.default\">\n\t\t\t\t<div class=\"elementor-widget-container\">\n\t\t\t<h2 class=\"elementor-heading-title elementor-size-default\">Con el soporte de:<\/h2>\t\t<\/div>\n\t\t\t\t<\/div>\n\t\t\t\t\t<\/div>\n\t\t<\/div>\n\t\t\t\t<div class=\"elementor-column elementor-col-50 elementor-top-column elementor-element elementor-element-374d63f\" data-id=\"374d63f\" data-element_type=\"column\">\n\t\t\t<div class=\"elementor-widget-wrap elementor-element-populated\">\n\t\t\t\t\t\t\t\t<div class=\"elementor-element elementor-element-09b6482 elementor-widget elementor-widget-image\" data-id=\"09b6482\" data-element_type=\"widget\" data-widget_type=\"image.default\">\n\t\t\t\t<div class=\"elementor-widget-container\">\n\t\t\t\t\t\t\t\t\t\t\t\t\t\t\t<img decoding=\"async\" width=\"800\" height=\"605\" src=\"https:\/\/keepuptalent.com\/wp-content\/uploads\/2023\/11\/PIMEC-1024x775.png\" class=\"attachment-large size-large wp-image-3180\" alt=\"\" loading=\"lazy\" srcset=\"https:\/\/keepuptalent.com\/wp-content\/uploads\/2023\/11\/PIMEC-1024x775.png 1024w, https:\/\/keepuptalent.com\/wp-content\/uploads\/2023\/11\/PIMEC-300x227.png 300w, https:\/\/keepuptalent.com\/wp-content\/uploads\/2023\/11\/PIMEC-768x582.png 768w, https:\/\/keepuptalent.com\/wp-content\/uploads\/2023\/11\/PIMEC-1536x1163.png 1536w, https:\/\/keepuptalent.com\/wp-content\/uploads\/2023\/11\/PIMEC-2048x1551.png 2048w\" sizes=\"(max-width: 800px) 100vw, 800px\" \/>\t\t\t\t\t\t\t\t\t\t\t\t\t\t\t<\/div>\n\t\t\t\t<\/div>\n\t\t\t\t\t<\/div>\n\t\t<\/div>\n\t\t\t\t\t\t\t<\/div>\n\t\t<\/section>\n\t\t\t\t\t\t\t<\/div>\n\t\t","protected":false},"excerpt":{"rendered":"<p>HR management maturity level 2024 Promoting skills development, engagement, and talent acquisition Know the maturity level of your employees&#8217; management An executive report allows you to see your development and how you compare to the market and make suggestions on how to improve the areas where you need improvement.\u00a0In addition to our management experience, we [&hellip;]<\/p>\n","protected":false},"author":1,"featured_media":3227,"parent":0,"menu_order":0,"comment_status":"closed","ping_status":"closed","template":"","meta":{"om_disable_all_campaigns":false,"_monsterinsights_skip_tracking":false,"_monsterinsights_sitenote_active":false,"_monsterinsights_sitenote_note":"","_monsterinsights_sitenote_category":0},"aioseo_notices":[],"_links":{"self":[{"href":"https:\/\/keepuptalent.com\/en\/wp-json\/wp\/v2\/pages\/3259"}],"collection":[{"href":"https:\/\/keepuptalent.com\/en\/wp-json\/wp\/v2\/pages"}],"about":[{"href":"https:\/\/keepuptalent.com\/en\/wp-json\/wp\/v2\/types\/page"}],"author":[{"embeddable":true,"href":"https:\/\/keepuptalent.com\/en\/wp-json\/wp\/v2\/users\/1"}],"replies":[{"embeddable":true,"href":"https:\/\/keepuptalent.com\/en\/wp-json\/wp\/v2\/comments?post=3259"}],"version-history":[{"count":22,"href":"https:\/\/keepuptalent.com\/en\/wp-json\/wp\/v2\/pages\/3259\/revisions"}],"predecessor-version":[{"id":3285,"href":"https:\/\/keepuptalent.com\/en\/wp-json\/wp\/v2\/pages\/3259\/revisions\/3285"}],"wp:featuredmedia":[{"embeddable":true,"href":"https:\/\/keepuptalent.com\/en\/wp-json\/wp\/v2\/media\/3227"}],"wp:attachment":[{"href":"https:\/\/keepuptalent.com\/en\/wp-json\/wp\/v2\/media?parent=3259"}],"curies":[{"name":"wp","href":"https:\/\/api.w.org\/{rel}","templated":true}]}}